{"id":12,"date":"2020-11-24T18:27:55","date_gmt":"2020-11-24T18:27:55","guid":{"rendered":"http:\/\/avcf.aurumpolska.atthost24.pl\/?page_id=12"},"modified":"2023-10-13T12:30:57","modified_gmt":"2023-10-13T12:30:57","slug":"registry-data","status":"publish","type":"page","link":"https:\/\/aurumfund.eu\/?page_id=12","title":{"rendered":"Dane rejestrowe"},"content":{"rendered":"<p>Aurum Venture Capital Fund Alternatywna Sp\u00f3\u0142ka Inwestycyjna Sp\u00f3\u0142ka z ograniczon\u0105 odpowiedzialno\u015bci\u0105 zarejestrowana w prowadzonym przez S\u0105d Rejonowy dla m.st. Warszawy, XIV Wydzia\u0142 Gospodarczy KRS w rejestrze przedsi\u0119biorc\u00f3w pod numerem KRS 0000921340 z siedzib\u0105 przy ul. Bys\u0142awskiej 82, 04-993 Warszawa, REGON: 520052342,<\/p>\n<p>NIP: 9522220751<\/p>\n<p>Od 18.05.2021 roku Sp\u00f3\u0142ka jest wpisana do Rejestru Zarz\u0105dzaj\u0105cych ASI, prowadzonego przez Komisj\u0119 Nadzoru Finansowego pod numerem PLZASI00228<\/p>\n","protected":false},"excerpt":{"rendered":"<p>Aurum Venture Capital Fund Alternatywna Sp\u00f3\u0142ka Inwestycyjna Sp\u00f3\u0142ka z ograniczon\u0105 odpowiedzialno\u015bci\u0105 zarejestrowana w prowadzonym przez S\u0105d Rejonowy dla m.st. Warszawy, XIV Wydzia\u0142 Gospodarczy KRS w rejestrze przedsi\u0119biorc\u00f3w pod numerem KRS 0000921340 z siedzib\u0105 przy ul. Bys\u0142awskiej 82, 04-993 Warszawa, REGON: 520052342, NIP: 9522220751 Od 18.05.2021 roku Sp\u00f3\u0142ka jest wpisana do Rejestru Zarz\u0105dzaj\u0105cych ASI, prowadzonego przez &hellip; <\/p>\n<p class=\"link-more\"><a href=\"https:\/\/aurumfund.eu\/?page_id=12\" class=\"more-link\">Czytaj dalej<span class=\"screen-reader-text\"> \u201eDane rejestrowe\u201d<\/span><\/a><\/p>\n","protected":false},"author":1,"featured_media":0,"parent":0,"menu_order":0,"comment_status":"closed","ping_status":"closed","template":"","meta":{"footnotes":""},"class_list":["post-12","page","type-page","status-publish","hentry","entry"],"_links":{"self":[{"href":"https:\/\/aurumfund.eu\/index.php?rest_route=\/wp\/v2\/pages\/12","targetHints":{"allow":["GET"]}}],"collection":[{"href":"https:\/\/aurumfund.eu\/index.php?rest_route=\/wp\/v2\/pages"}],"about":[{"href":"https:\/\/aurumfund.eu\/index.php?rest_route=\/wp\/v2\/types\/page"}],"author":[{"embeddable":true,"href":"https:\/\/aurumfund.eu\/index.php?rest_route=\/wp\/v2\/users\/1"}],"replies":[{"embeddable":true,"href":"https:\/\/aurumfund.eu\/index.php?rest_route=%2Fwp%2Fv2%2Fcomments&post=12"}],"version-history":[{"count":4,"href":"https:\/\/aurumfund.eu\/index.php?rest_route=\/wp\/v2\/pages\/12\/revisions"}],"predecessor-version":[{"id":41,"href":"https:\/\/aurumfund.eu\/index.php?rest_route=\/wp\/v2\/pages\/12\/revisions\/41"}],"wp:attachment":[{"href":"https:\/\/aurumfund.eu\/index.php?rest_route=%2Fwp%2Fv2%2Fmedia&parent=12"}],"curies":[{"name":"wp","href":"https:\/\/api.w.org\/{rel}","templated":true}]}}