{"id":14,"date":"2020-11-24T18:27:55","date_gmt":"2020-11-24T18:27:55","guid":{"rendered":"http:\/\/avcf.aurumpolska.atthost24.pl\/?page_id=14"},"modified":"2023-10-16T07:16:08","modified_gmt":"2023-10-16T07:16:08","slug":"merger-documentation","status":"publish","type":"page","link":"https:\/\/aurumfund.eu\/?page_id=14","title":{"rendered":"Strategia AVCF ASI Sp. z o.o."},"content":{"rendered":"<p style=\"text-align: justify;\">Aurum Venture Capital Fund Alternatywna Sp\u00f3\u0142ka lnwestycyjna sp\u00f3\u0142ka z ograniczon\u0105 odpowiedzialno\u015bci\u0105 (,,ASI&#8221;) dzia\u0142a jako Alternatywna Sp\u00f3\u0142ka lnwestycyjna zarz\u0105dzana wewn\u0119trznie w rozumieniu ustawy z dnia 27 maja 2004 r. o funduszach inwestycyjnych<br \/>\ni zarzadzaniu alternatywnymi funduszami inwestycyjnymi (tj. Dz.U. z 2020 r. poz. 95 z p\u00f3\u017an. zm.) oraz 16 sierpnia 2023 roku o zmianie niekt\u00f3rych ustaw w zwi\u0105zku z zapewnieniem rozwoju rynku finansowego oraz ochrony inwestor\u00f3w ma tym rynku (Dz. U. z 2023 r. poz. 1723).<\/p>\n<p style=\"text-align: justify;\">Celem inwestycyjnym ASI b\u0119dzie zwi\u0119kszenie warto\u015bci aktyw\u00f3w ASI, a tym samym wzrost warto\u015bci inwestycji dla inwestor\u00f3w ASI. Strategia ASI zak\u0142ada dokonywanie inwestycji g\u0142\u00f3wnie w udzia\u0142y oraz akcje sp\u00f3\u0142ek kapita\u0142owych, prawa udzia\u0142owe sp\u00f3\u0142ek osobowych oraz nieruchomo\u015bci, przy czym Sp\u00f3\u0142ka nie wyklucza przej\u015bciowego lokowania wolnych \u015brodk\u00f3w w inne instrumenty finansowe, wskazane w niniejszej strategii. Sp\u00f3\u0142ka zamierza dokonywa\u0107 inwestycji na terenie Polski, kraj\u00f3w europejskich oraz Stan\u00f3w Zjednoczonych Ameryki.<\/p>\n<p style=\"text-align: justify;\">\u00a0W celu umo\u017cliwienia potencjalnym inwestorom podj\u0119cia decyzji o zaanga\u017cowaniu kapita\u0142owym w ASI, Strategia lnwestycyjna zawiera szczeg\u00f3\u0142owe informacje o g\u0142\u00f3wnych kategoriach aktyw\u00f3w, w kt\u00f3re ASI mo\u017ce inwestowa\u0107, sektorach przemys\u0142owych, geograficznych, kt\u00f3re s\u0105 przedmiotem strategii inwestycyjnej; podejmowaniu decyzji inwestycyjnych; strategii lokowania aktyw\u00f3w oraz mechanizmach nadzoru w\u0142a\u015bcicielskiego i inwestycyjnego; strategii wyj\u015b\u0107 z inwestycji przez ASI, a tak\u017ce opisie polityki ASI w zakresie zaci\u0105gania po\u017cyczek lub d\u017awigni finansowej.<\/p>\n<p style=\"text-align: justify;\">ASI oraz Zarz\u0105dzaj\u0105cy ASI nie przyj\u0119li strategii polegaj\u0105cych na uwzgl\u0119dnianiu ryzyk dla zr\u00f3wnowa\u017conego rozwoju w procesie podejmowania decyzji inwestycyjnych, a zatem, w swej bie\u017c\u0105cej dzia\u0142alno\u015bci ASI nie uwzgl\u0119dnia tych ryzyk. ASI nie sporz\u0105dza na poziomie ca\u0142ej swojej organizacji strategii okre\u015blaj\u0105cych spos\u00f3b uwzgl\u0119dniania sytuacji lub warunk\u00f3w \u015brodowiskowych, spo\u0142ecznych lub zwi\u0105zanych z zarz\u0105dzaniem, kt\u00f3re &#8211; je\u017celi wyst\u0105pi\u0105 &#8211; mog\u0142yby mie\u0107, rzeczywisty lub potencjalny, istotny negatywny wp\u0142yw na warto\u015b\u0107 inwestycji.<\/p>\n<p style=\"text-align: justify;\">Zarz\u0105dzaj\u0105cy Sp\u00f3\u0142k\u0105 mo\u017ce takie strategie wprowadzi\u0107 w przysz\u0142o\u015bci, kiedy Sp\u00f3\u0142ka podejmie bardziej zaanga\u017cowan\u0105 dzia\u0142alno\u015b\u0107 operacyjn\u0105 i inwestycje, oraz uzna, \u017ce inwestycje, kt\u00f3rymi mia\u0142aby si\u0119 zajmowa\u0107, mog\u0142yby wyrz\u0105dzi\u0107 powa\u017cne szkody dla cel\u00f3w \u015brodowiskowych. W\u00f3wczas, Sp\u00f3\u0142ka mo\u017ce podj\u0105\u0107 si\u0119 szacowania i oceny wp\u0142ywu na dzia\u0142alno\u015b\u0107 gospodarcz\u0105, w tym na warto\u015b\u0107 zarz\u0105dzanych inwestycji, okre\u015blonych sytuacji oraz warunk\u00f3w \u015brodowiskowych, spo\u0142ecznych i zwi\u0105zanych z zarz\u0105dzaniem.<\/p>\n<p style=\"text-align: justify;\">Inwestycje ASI w ramach papier\u00f3w warto\u015bciowych i innych praw maj\u0105tkowych, b\u0119d\u0105cych przedmiotem lokat ASI, nie uwzgl\u0119dniaj\u0105 unijnych kryteri\u00f3w dotycz\u0105cych zr\u00f3wnowa\u017conej \u015brodowiskowo dzia\u0142alno\u015bci gospodarczej.<\/p>\n<p style=\"text-align: justify;\">Niezale\u017cnie od aktualnej opisanej wy\u017cej strategii, struktura wynagrodze\u0144 os\u00f3b odpowiedzialnych za dzia\u0142alno\u015b\u0107 ASI, bazuj\u0105ca na cz\u0119\u015bci sta\u0142ej i zmiennej wynagrodzenia oraz szczeg\u00f3\u0142owo opisane w Polityce Wynagrodze\u0144 zasady wyp\u0142aty wynagrodzenia zmiennego (w tym w szczeg\u00f3lno\u015bci uzale\u017cnienie od obiektywnych kryteri\u00f3w, jako\u015bci zarz\u0105dzania ASI, uwzgl\u0119dnianie d\u0142ugoterminowych aspekt\u00f3w dzia\u0142ania i sposobu realizacji cel\u00f3w strategicznych, a tak\u017ce warunku, \u017ce zmienne sk\u0142adniki wynagrodzenia, b\u0119d\u0105ce efektywnym i silnym motywatorem, nie powinny stanowi\u0107 znacz\u0105cych kwot w wynagrodzeniu pracownik\u00f3w ASI, aby nie spowodowa\u0107 sytuacji, w kt\u00f3rej b\u0119d\u0105 oni lekcewa\u017cy\u0107 d\u0142ugoterminowe cele ASI), nie zach\u0119caj\u0105 do podejmowania nadmiernych ryzyk oraz s\u0105 powi\u0105zane z wynikami skorygowanymi o ryzyko.<\/p>\n","protected":false},"excerpt":{"rendered":"<p>Aurum Venture Capital Fund Alternatywna Sp\u00f3\u0142ka lnwestycyjna sp\u00f3\u0142ka z ograniczon\u0105 odpowiedzialno\u015bci\u0105 (,,ASI&#8221;) dzia\u0142a jako Alternatywna Sp\u00f3\u0142ka lnwestycyjna zarz\u0105dzana wewn\u0119trznie w rozumieniu ustawy z dnia 27 maja 2004 r. o funduszach inwestycyjnych i zarzadzaniu alternatywnymi funduszami inwestycyjnymi (tj. Dz.U. z 2020 r. poz. 95 z p\u00f3\u017an. zm.) oraz 16 sierpnia 2023 roku o zmianie niekt\u00f3rych ustaw &hellip; <\/p>\n<p class=\"link-more\"><a href=\"https:\/\/aurumfund.eu\/?page_id=14\" class=\"more-link\">Czytaj dalej<span class=\"screen-reader-text\"> \u201eStrategia AVCF ASI Sp. z o.o.\u201d<\/span><\/a><\/p>\n","protected":false},"author":1,"featured_media":0,"parent":0,"menu_order":0,"comment_status":"closed","ping_status":"closed","template":"","meta":{"footnotes":""},"class_list":["post-14","page","type-page","status-publish","hentry","entry"],"_links":{"self":[{"href":"https:\/\/aurumfund.eu\/index.php?rest_route=\/wp\/v2\/pages\/14","targetHints":{"allow":["GET"]}}],"collection":[{"href":"https:\/\/aurumfund.eu\/index.php?rest_route=\/wp\/v2\/pages"}],"about":[{"href":"https:\/\/aurumfund.eu\/index.php?rest_route=\/wp\/v2\/types\/page"}],"author":[{"embeddable":true,"href":"https:\/\/aurumfund.eu\/index.php?rest_route=\/wp\/v2\/users\/1"}],"replies":[{"embeddable":true,"href":"https:\/\/aurumfund.eu\/index.php?rest_route=%2Fwp%2Fv2%2Fcomments&post=14"}],"version-history":[{"count":8,"href":"https:\/\/aurumfund.eu\/index.php?rest_route=\/wp\/v2\/pages\/14\/revisions"}],"predecessor-version":[{"id":48,"href":"https:\/\/aurumfund.eu\/index.php?rest_route=\/wp\/v2\/pages\/14\/revisions\/48"}],"wp:attachment":[{"href":"https:\/\/aurumfund.eu\/index.php?rest_route=%2Fwp%2Fv2%2Fmedia&parent=14"}],"curies":[{"name":"wp","href":"https:\/\/api.w.org\/{rel}","templated":true}]}}