{"id":50,"date":"2023-10-31T06:49:39","date_gmt":"2023-10-31T06:49:39","guid":{"rendered":"https:\/\/aurumfund.eu\/?page_id=50"},"modified":"2023-10-31T06:50:01","modified_gmt":"2023-10-31T06:50:01","slug":"zgodnosc-z-przepisami-ustawy","status":"publish","type":"page","link":"https:\/\/aurumfund.eu\/?page_id=50","title":{"rendered":"Zgodno\u015b\u0107 z przepisami Ustawy"},"content":{"rendered":"<p style=\"text-align: justify;\"><strong><u>Informacja dotycz\u0105ca zmiany w przepisach Ustawy o funduszach inwestycyjnych i zarz\u0105dzaniu alternatywnymi funduszami inwestycyjnymi.<\/u><\/strong><\/p>\n<p style=\"text-align: justify;\">Sp\u00f3\u0142ka Aurum Venture Capital Fund Alternatywna Sp\u00f3\u0142ka Inwestycyjna Sp. z o.o. (<strong>\u201eSp\u00f3\u0142ka\u201d <\/strong>lub <strong>\u201eASI\u201d<\/strong>) informuje,\u00a0\u017ce dnia 29 wrze\u015bnia 2023 r. wesz\u0142a w \u017cycie nowelizacja (\u201e<strong>Ustawa Zmieniaj\u0105ca<\/strong>\u201d)<a href=\"#_ftn1\" name=\"_ftnref1\">[1]<\/a> ustawy o funduszach inwestycyjnych i zarz\u0105dzaniu alternatywnymi funduszami inwestycyjnymi (\u201e<strong>Ustawa<\/strong>\u201d).<a href=\"#_ftn2\" name=\"_ftnref2\">[2]<\/a> Przedstawiamy poni\u017cej najwa\u017cniejsze zmiany w zakresie dotycz\u0105cym inwestor\u00f3w oraz dzia\u0142alno\u015bci ASI:<\/p>\n<p style=\"text-align: justify;\"><strong><em><u>Dotycz\u0105ce inwestor\u00f3w ASI<\/u><\/em><\/strong><\/p>\n<ol style=\"text-align: justify;\">\n<li>Inwestorem alternatywnej sp\u00f3\u0142ki inwestycyjnej jest podmiot, kt\u00f3ry posiada prawa uczestnictwa alternatywnej sp\u00f3\u0142ki inwestycyjnej i spe\u0142nia kryteria klienta profesjonalnego.<a href=\"#_ftn3\" name=\"_ftnref3\">[3]<\/a><\/li>\n<li>Uznanie osoby fizycznej jako klienta profesjonalnego wymaga z\u0142o\u017cenia przez tak\u0105 osob\u0119 fizyczn\u0105 wniosku o traktowanie jej jako klienta profesjonalnego. Wniosek mo\u017ce zosta\u0107 zaakceptowany przez ASI pod warunkiem, \u017ce <u>podmiot ten posiada wiedz\u0119 i do\u015bwiadczenie pozwalaj\u0105ce na podejmowanie w\u0142a\u015bciwych decyzji inwestycyjnych oraz w\u0142a\u015bciw\u0105 ocen\u0119 ryzyka zwi\u0105zanego z tymi decyzjami<\/u> a tak\u017ce je\u017celi <strong>warto\u015b\u0107 jej wk\u0142adu do alternatywnej sp\u00f3\u0142ki inwestycyjnej b\u0119dzie nie mniejsza ni\u017c r\u00f3wnowarto\u015b\u0107 w z\u0142otych kwoty 60 000 euro<\/strong>.<a href=\"#_ftn4\" name=\"_ftnref4\">[4]<\/a><\/li>\n<li>\u015arodki na wniesienie przez osob\u0119 fizyczn\u0105 wk\u0142adu lub udzia\u0142u, nie mog\u0105 pochodzi\u0107 z po\u017cyczki, darowizny lub innej umowy o podobnym charakterze zawartej z ASI lub jednostk\u0105 powi\u0105zan\u0105 z tymi podmiotami w rozumieniu przepis\u00f3w ustawy o rachunkowo\u015bci.<\/li>\n<li>Osoby fizyczne b\u0119d\u0105ce inwestorami ASI na dzie\u0144 wej\u015bcia w \u017cycie Ustawy zmieniaj\u0105cej pozostaj\u0105 inwestorami ASI niezale\u017cnie od warto\u015bci dotychczas wniesionego wk\u0142adu. Inwestorzy tacy nie mog\u0105 obejmowa\u0107 nowych praw uczestnictwa alternatywnej sp\u00f3\u0142ki inwestycyjnej, je\u017celi warto\u015b\u0107 nowych wk\u0142ad\u00f3w liczonych \u0142\u0105cznie z dotychczasowymi wk\u0142adami tych os\u00f3b fizycznych b\u0119dzie mniejsza ni\u017c okre\u015blona w ust. 2 powy\u017cej. Umowy po\u017cyczek lub inne okre\u015blone w ust. 7 poni\u017cej zawarte przed dniem wej\u015bcia w \u017cycie Ustawy zmieniaj\u0105cej, nie mog\u0105 podlega\u0107 nowacji ani mie\u0107 wyd\u0142u\u017canych termin\u00f3w p\u0142atno\u015bci nale\u017cnych osobom fizycznym, od dnia wej\u015bcia w \u017cycie Ustawy zmieniaj\u0105cej.<\/li>\n<\/ol>\n<p style=\"text-align: justify;\"><strong><em><u>Dotycz\u0105ce praw uczestnictwa w ASI<\/u><\/em><\/strong><\/p>\n<ol style=\"text-align: justify;\" start=\"5\">\n<li>Czynno\u015b\u0107 prawna maj\u0105ca za przedmiot prawa uczestnictwa w ASI, <strong>prowadz\u0105ca do przeniesienia tych praw lub uprawnie\u0144 z nich wynikaj\u0105cych<\/strong> na podmiot inny ni\u017c inwestor ASI <strong>wymaga wyra\u017cenia zgody w formie pisemnej przez ASI<\/strong>. Zarz\u0105dzaj\u0105cy ASI odmawia wyra\u017cenia zgody, je\u017celi po dokonaniu weryfikacji podmiot, o kt\u00f3rym mowa w zdaniu pierwszym, nie spe\u0142nia warunk\u00f3w pozwalaj\u0105cych na jego uznanie za klienta profesjonalnego. <u>Czynno\u015b\u0107 prawna dokonana bez wyra\u017cenia zgody przez zarz\u0105dzaj\u0105cego ASI jest niewa\u017cna<\/u>.<\/li>\n<li>Regulacji opisanych ust. 2 (w zakresie minimalnego wk\u0142adu), 3 i 5 powy\u017cej nie stosuje si\u0119, w przypadku, gdy co najmniej 50% praw uczestnictwa ASI posiadaj\u0105 klienci profesjonalni, o kt\u00f3rych mowa w art. 2 pkt 13a lit. a-m Ustawy.<\/li>\n<\/ol>\n<p style=\"text-align: justify;\"><strong><em><u>Dotycz\u0105ce ASI<\/u><\/em><\/strong><\/p>\n<ol style=\"text-align: justify;\" start=\"7\">\n<li>ASI nie mo\u017ce zawrze\u0107 umowy po\u017cyczki lub innej umowy o podobnym charakterze, dokonywa\u0107 emisji obligacji lub innych papier\u00f3w warto\u015bciowych nieb\u0119d\u0105cych prawami uczestnictwa ASI, <strong>je\u017celi udzielaj\u0105cym po\u017cyczk\u0119 lub zawieraj\u0105cym inn\u0105 umow\u0119 o podobnym charakterze<\/strong> albo obejmuj\u0105cym lub nabywaj\u0105cym obligacje lub inny papier warto\u015bciowy <strong>jest osoba fizyczna<\/strong>. Ograniczenie to nie dotyczy osoby fizycznej uznanej za klienta profesjonalnego zgodnie z przepisami prawa.<\/li>\n<li>ASI, kt\u00f3ra nie uzyska\u0142a zezwolenia, o kt\u00f3rym mowa w art. 5 ust. 1 rozporz\u0105dzenia 2015\/760 (Europejskie D\u0142ugoterminowe Fundusze Inwestycyjne) <strong>mo\u017ce by\u0107 wprowadzana<a href=\"#_ftn5\" name=\"_ftnref5\">[5]<\/a> do obrotu wy\u0142\u0105cznie w\u015br\u00f3d klient\u00f3w profesjonalnych<\/strong>.<\/li>\n<li>ASI obowi\u0105zany jest do prowadzenia w\u0142asnej strony internetowej, na kt\u00f3rej zamieszcza w szczeg\u00f3lno\u015bci informacje oraz og\u0142oszenia wymagane przez prawo.<\/li>\n<\/ol>\n<p style=\"text-align: justify;\">Niezale\u017cnie od informacji przekazanych powy\u017cej AVCF ASI Sp. z o.o. zach\u0119ca wszystkich inwestor\u00f3w ASI do zapoznania si\u0119 z pe\u0142n\u0105 tre\u015bci\u0105 Ustawy zmieniaj\u0105cej pod linkiem:<\/p>\n<p style=\"text-align: justify;\"><a href=\"https:\/\/isap.sejm.gov.pl\/isap.nsf\/download.xsp\/WDU20230001723\/O\/D20231723.pdf\">https:\/\/isap.sejm.gov.pl\/isap.nsf\/download.xsp\/WDU20230001723\/O\/D20231723.pdf<\/a><\/p>\n<p style=\"text-align: justify;\"><a href=\"#_ftnref1\" name=\"_ftn1\">[1]<\/a> https:\/\/isap.sejm.gov.pl\/isap.nsf\/DocDetails.xsp?id=WDU20230001723<\/p>\n<p style=\"text-align: justify;\"><a href=\"#_ftnref2\" name=\"_ftn2\">[2]<\/a> https:\/\/isap.sejm.gov.pl\/isap.nsf\/DocDetails.xsp?id=wdu20041461546<\/p>\n<p style=\"text-align: justify;\"><a href=\"#_ftnref3\" name=\"_ftn3\">[3]<\/a> Art. 8c ust. 1 Ustawy<\/p>\n<p style=\"text-align: justify;\"><a href=\"#_ftnref4\" name=\"_ftn4\">[4]<\/a> Art. 70k Ustawy. R\u00f3wnowarto\u015b\u0107 w z\u0142otych kwoty wyra\u017conej w euro, ustala si\u0119 przy zastosowaniu \u015bredniego kursu euro og\u0142oszonego przez Narodowy Bank Polski na dzie\u0144 wniesienia wk\u0142adu lub udzia\u0142u.<\/p>\n<p style=\"text-align: justify;\"><a href=\"#_ftnref5\" name=\"_ftn5\">[5]<\/a> Wprowadzanie alternatywnej sp\u00f3\u0142ki inwestycyjnej do obrotu oznacza:<\/p>\n<ol>\n<li style=\"text-align: justify;\">a) proponowanie obj\u0119cia nowych lub podwy\u017cszenia warto\u015bci nominalnej istniej\u0105cych udzia\u0142\u00f3w &#8211; w przypadku sp\u00f3\u0142ki z ograniczon\u0105 odpowiedzialno\u015bci\u0105,<\/li>\n<li style=\"text-align: justify;\">b) proponowanie obj\u0119cia akcji nowej emisji, sprzeda\u017c akcji w\u0142asnych albo podwy\u017cszenie warto\u015bci nominalnej istniej\u0105cych akcji &#8211; w przypadku sp\u00f3\u0142ki akcyjnej i sp\u00f3\u0142ki komandytowo-akcyjnej,<\/li>\n<li style=\"text-align: justify;\">c) podejmowanie czynno\u015bci zwi\u0105zanych z przyst\u0105pieniem do sp\u00f3\u0142ki nowych komandytariuszy lub zwi\u0119kszeniem wk\u0142adu dotychczasowych komandytariuszy &#8211; w przypadku sp\u00f3\u0142ki komandytowej.<\/li>\n<\/ol>\n","protected":false},"excerpt":{"rendered":"<p>Informacja dotycz\u0105ca zmiany w przepisach Ustawy o funduszach inwestycyjnych i zarz\u0105dzaniu alternatywnymi funduszami inwestycyjnymi. Sp\u00f3\u0142ka Aurum Venture Capital Fund Alternatywna Sp\u00f3\u0142ka Inwestycyjna Sp. z o.o. (\u201eSp\u00f3\u0142ka\u201d lub \u201eASI\u201d) informuje,\u00a0\u017ce dnia 29 wrze\u015bnia 2023 r. wesz\u0142a w \u017cycie nowelizacja (\u201eUstawa Zmieniaj\u0105ca\u201d)[1] ustawy o funduszach inwestycyjnych i zarz\u0105dzaniu alternatywnymi funduszami inwestycyjnymi (\u201eUstawa\u201d).[2] Przedstawiamy poni\u017cej najwa\u017cniejsze zmiany w &hellip; <\/p>\n<p class=\"link-more\"><a href=\"https:\/\/aurumfund.eu\/?page_id=50\" class=\"more-link\">Czytaj dalej<span class=\"screen-reader-text\"> \u201eZgodno\u015b\u0107 z przepisami Ustawy\u201d<\/span><\/a><\/p>\n","protected":false},"author":1,"featured_media":0,"parent":0,"menu_order":0,"comment_status":"closed","ping_status":"closed","template":"","meta":{"footnotes":""},"class_list":["post-50","page","type-page","status-publish","hentry","entry"],"_links":{"self":[{"href":"https:\/\/aurumfund.eu\/index.php?rest_route=\/wp\/v2\/pages\/50","targetHints":{"allow":["GET"]}}],"collection":[{"href":"https:\/\/aurumfund.eu\/index.php?rest_route=\/wp\/v2\/pages"}],"about":[{"href":"https:\/\/aurumfund.eu\/index.php?rest_route=\/wp\/v2\/types\/page"}],"author":[{"embeddable":true,"href":"https:\/\/aurumfund.eu\/index.php?rest_route=\/wp\/v2\/users\/1"}],"replies":[{"embeddable":true,"href":"https:\/\/aurumfund.eu\/index.php?rest_route=%2Fwp%2Fv2%2Fcomments&post=50"}],"version-history":[{"count":1,"href":"https:\/\/aurumfund.eu\/index.php?rest_route=\/wp\/v2\/pages\/50\/revisions"}],"predecessor-version":[{"id":51,"href":"https:\/\/aurumfund.eu\/index.php?rest_route=\/wp\/v2\/pages\/50\/revisions\/51"}],"wp:attachment":[{"href":"https:\/\/aurumfund.eu\/index.php?rest_route=%2Fwp%2Fv2%2Fmedia&parent=50"}],"curies":[{"name":"wp","href":"https:\/\/api.w.org\/{rel}","templated":true}]}}